{"id":4805,"date":"2025-03-03T14:20:28","date_gmt":"2025-03-03T13:20:28","guid":{"rendered":"http:\/\/ferma-albanik.com\/product\/flowering-the-life-a-sacred-retreat-of-renewal-and-connection\/"},"modified":"2025-03-03T18:14:22","modified_gmt":"2025-03-03T17:14:22","slug":"flowering-the-life-retreat-pranveror-ne-natyre-joga-dhe-meditim","status":"publish","type":"product","link":"https:\/\/ferma-albanik.com\/sq\/produkt\/flowering-the-life-retreat-pranveror-ne-natyre-joga-dhe-meditim\/","title":{"rendered":"Flowering the Life: Nj\u00eb Retreat Pranveror p\u00ebr P\u00ebrt\u00ebritje dhe Rizgjim"},"content":{"rendered":"<p>&nbsp;<\/p>\n<h3 data-start=\"1083\" data-end=\"1129\"><strong data-start=\"1087\" data-end=\"1127\">Pritshm\u00ebrit\u00eb n\u00eb eventin retreat &#8220;Flowering the Life&#8221;<\/strong><\/h3>\n<p>&nbsp;<\/p>\n<p data-start=\"50\" data-end=\"254\">\ud83c\udf3f <strong data-start=\"53\" data-end=\"85\">Lidhja me Tok\u00ebn dhe Intuit\u00ebn<\/strong> \u2013 Merr pjes\u00eb n\u00eb rituale tok\u00ebsore, l\u00ebvizje t\u00eb shenjta dhe praktika t\u00eb bazuara n\u00eb natyr\u00eb q\u00eb t\u00eb rikthejn\u00eb n\u00eb urt\u00ebsin\u00eb e trupit t\u00ebnd dhe ritmet natyrore t\u00eb bot\u00ebs p\u00ebrreth.<\/p>\n<p data-start=\"256\" data-end=\"467\">\ud83c\udf1e <strong data-start=\"259\" data-end=\"290\">Nderimi i Paraardh\u00ebsve Tan\u00eb<\/strong> \u2013 P\u00ebrmes ceremonive, tregimeve dhe ritualeve t\u00eb udh\u00ebhequra, do t\u2019i b\u00ebjm\u00eb homazhe men\u00e7uris\u00eb s\u00eb atyre q\u00eb erdh\u00ebn para nesh, duke njohur pranin\u00eb e tyre n\u00eb jet\u00ebn dhe rritjen ton\u00eb.<\/p>\n<p data-start=\"469\" data-end=\"720\">\ud83d\udd2e <strong data-start=\"472\" data-end=\"512\">Mjetet e Shenjta p\u00ebr Lidhjen Hyjnore<\/strong> \u2013 M\u00ebso dhe p\u00ebrjeto frym\u00ebmarrjen e nd\u00ebrgjegjshme, sh\u00ebrimin me energji, terapin\u00eb me tinguj, parashikimin dhe praktika t\u00eb tjera intuitive p\u00ebr t\u00eb thelluar nd\u00ebrgjegj\u00ebsimin shpirt\u00ebror dhe besimin n\u00eb veten t\u00ebnde.<\/p>\n<p data-start=\"722\" data-end=\"935\">\ud83c\udf38 <strong data-start=\"725\" data-end=\"765\">Mir\u00ebpritja e Ekuinoksit t\u00eb Pranver\u00ebs<\/strong> \u2013 Zbulo se si kultura t\u00eb ndryshme festojn\u00eb k\u00ebt\u00eb moment rip\u00ebrt\u00ebritjeje dhe merr pjes\u00eb n\u00eb rituale kolektive q\u00eb na lidhin me fuqin\u00eb e transformimit dhe fillimeve t\u00eb reja.<\/p>\n<p data-start=\"937\" data-end=\"1134\">\ud83c\udf00 <strong data-start=\"940\" data-end=\"973\">Bashk\u00ebsi dhe Ndarje e Shenjt\u00eb<\/strong> \u2013 Bashkohu me nj\u00eb rreth shpirtrash t\u00eb nj\u00eb mendjeje n\u00eb dialog t\u00eb thell\u00eb, reflektim dhe mb\u00ebshtetje, duke krijuar nj\u00eb hap\u00ebsir\u00eb t\u00eb shenjt\u00eb p\u00ebr sh\u00ebrim dhe fuqizim.<\/p>\n<p data-start=\"1136\" data-end=\"1503\">E vendosur n\u00eb nj\u00eb streh\u00eb t\u00eb qet\u00eb dhe natyrore, <strong data-start=\"1183\" data-end=\"1205\">Flowering the Life<\/strong> \u00ebsht\u00eb nj\u00eb ftes\u00eb e shenjt\u00eb p\u00ebr t\u00eb ndalur, p\u00ebr t\u2019u rilidhur dhe p\u00ebr t\u2019u ri-p\u00ebrqendruar me thelbin t\u00ebnd t\u00eb v\u00ebrtet\u00eb. Ky \u00ebsht\u00eb nj\u00eb retreat p\u00ebr ata q\u00eb k\u00ebrkojn\u00eb t\u00eb hyjn\u00eb m\u00eb thell\u00eb n\u00eb fuqin\u00eb e tyre, <strong data-start=\"1397\" data-end=\"1501\">duke nd\u00ebrthurur urt\u00ebsin\u00eb e lasht\u00eb me praktikat moderne p\u00ebr t\u00eb ushqyer si shpirtin ashtu edhe trupin.<\/strong><\/p>\n<p data-start=\"1505\" data-end=\"1680\">K\u00ebt\u00eb pranver\u00eb, lejoje veten t\u00eb <strong data-start=\"1536\" data-end=\"1548\">lul\u00ebzoj\u00eb<\/strong>. Hyr n\u00eb sezonin e rip\u00ebrt\u00ebritjes me krah\u00eb t\u00eb hapur, nj\u00eb zem\u00ebr t\u00eb hapur dhe mjetet p\u00ebr t\u00eb mish\u00ebruar t\u00eb v\u00ebrtet\u00ebn t\u00ebnde m\u00eb t\u00eb thell\u00eb.<\/p>\n<p data-start=\"1682\" data-end=\"1724\" data-is-last-node=\"\" data-is-only-node=\"\">A je gati t\u00eb zgjoni farat brenda teje? \ud83c\udf3f\u2728<\/p>\n<p>&nbsp;<\/p>\n<h3 data-start=\"0\" data-end=\"18\"><strong data-start=\"4\" data-end=\"16\">Programi<\/strong><\/h3>\n<p>&nbsp;<br \/>\n<strong data-start=\"25\" data-end=\"45\">E enjte, 13 mars<\/strong><\/p>\n<p data-start=\"49\" data-end=\"490\"><strong data-start=\"49\" data-end=\"58\">16:00<\/strong> &#8211; Mb\u00ebrritja n\u00eb vendndodhje<br data-start=\"85\" data-end=\"88\" \/><strong data-start=\"88\" data-end=\"97\">17:00<\/strong> &#8211; Fjal\u00eb mir\u00ebseardhjeje dhe shpjegim i aktiviteteve dhe orareve t\u00eb p\u00ebrditshme (Zgjimi, dushi, ushqimi)<br data-start=\"199\" data-end=\"202\" \/><em data-start=\"202\" data-end=\"388\">(P\u00ebrmend t\u00eb mendojn\u00eb p\u00ebr di\u00e7ka q\u00eb duan t\u00eb l\u00ebshojn\u00eb ose t\u00eb l\u00ebn\u00eb pas, si dhe nj\u00eb q\u00ebllim personal dhe kolektiv p\u00ebr retreat-in, duke i informuar se do t\u00eb flasim p\u00ebr k\u00ebt\u00eb nes\u00ebr n\u00eb m\u00ebngjes.)<\/em><br data-start=\"388\" data-end=\"391\" \/><strong data-start=\"391\" data-end=\"400\">18:00<\/strong> &#8211; Yin Yoga<br data-start=\"411\" data-end=\"414\" \/><strong data-start=\"414\" data-end=\"423\">19:00<\/strong> &#8211; Darka<br data-start=\"431\" data-end=\"434\" \/><strong data-start=\"434\" data-end=\"443\">20:00<\/strong> &#8211; Meditim p\u00ebr boshatisjen e mendjes (20 min)<\/p>\n<hr data-start=\"492\" data-end=\"495\" \/>\n<p><strong data-start=\"502\" data-end=\"523\">E premte, 14 mars<\/strong><\/p>\n<p data-start=\"527\" data-end=\"1832\"><strong data-start=\"527\" data-end=\"535\">6:30<\/strong> &#8211; Zgjimi<br data-start=\"544\" data-end=\"547\" \/><strong data-start=\"547\" data-end=\"555\">7:00<\/strong> &#8211; Teknikat e frym\u00ebmarrjes (10 min)<br data-start=\"590\" data-end=\"593\" \/><strong data-start=\"593\" data-end=\"601\">7:10<\/strong> &#8211; L\u00ebvizje dhe yoga (50 min)<br data-start=\"629\" data-end=\"632\" \/><strong data-start=\"632\" data-end=\"640\">8:00<\/strong> &#8211; Shavasana (10 min)<br data-start=\"661\" data-end=\"664\" \/><strong data-start=\"664\" data-end=\"672\">8:10<\/strong> &#8211; Meditim (20 min)<br data-start=\"691\" data-end=\"694\" \/><strong data-start=\"694\" data-end=\"702\">8:30<\/strong> &#8211; M\u00ebngjesi (Fruta dhe \u00e7aj ose kafe)<br data-start=\"738\" data-end=\"741\" \/><strong data-start=\"741\" data-end=\"749\" data-is-only-node=\"\">9:30<\/strong> &#8211; Prezantimi i grupit, altari, mbjellja e q\u00ebllimeve <em data-start=\"802\" data-end=\"851\">(mund t\u00eb p\u00ebrdorim nj\u00eb shkop druri ose nj\u00eb qiri)<\/em><br data-start=\"851\" data-end=\"854\" \/><strong data-start=\"854\" data-end=\"863\">10:30<\/strong> &#8211; Ecje p\u00ebrmes hap\u00ebsir\u00ebs duke ndar\u00eb kontaktin me sy dhe duke d\u00ebgjuar udh\u00ebzimet p\u00ebr l\u00ebvizje t\u00eb ndryshme. (30 min)<br data-start=\"975\" data-end=\"978\" \/><strong data-start=\"978\" data-end=\"987\">11:00<\/strong> &#8211; Loj\u00eb me top tenisi p\u00ebr t\u00eb folur mbi v\u00ebmendjen. Ushtrim p\u00ebr t\u00eb kuptuar se si v\u00ebmendja dhe q\u00ebllimi ndikojn\u00eb n\u00eb realitet.<br data-start=\"1108\" data-end=\"1111\" \/><em data-start=\"1111\" data-end=\"1170\">(Ajo q\u00eb beson, krijon. Aty ku vendos v\u00ebmendjen, lul\u00ebzon.)<\/em><br data-start=\"1170\" data-end=\"1173\" \/><strong data-start=\"1173\" data-end=\"1182\">12:00<\/strong> &#8211; Dreka<br data-start=\"1190\" data-end=\"1193\" \/><strong data-start=\"1193\" data-end=\"1202\">14:00<\/strong> &#8211; Ecje meditative n\u00eb heshtje (60 min) <em data-start=\"1241\" data-end=\"1277\">(Merrni ushqime t\u00eb lehta me vete.)<\/em><br data-start=\"1277\" data-end=\"1280\" \/><strong data-start=\"1280\" data-end=\"1289\">14:45<\/strong> &#8211; Yoga dhe l\u00ebvizje pran\u00eb liqenit<br data-start=\"1322\" data-end=\"1325\" \/><strong data-start=\"1325\" data-end=\"1334\">15:45<\/strong> &#8211; Zhytje n\u00eb liqen<br data-start=\"1352\" data-end=\"1355\" \/><strong data-start=\"1355\" data-end=\"1364\">17:00<\/strong> &#8211; Mbledhja e t\u00eb gjith\u00ebve p\u00ebr t\u00eb gjetur dru dhe lule p\u00ebr nd\u00ebrtimin e nj\u00eb zjarri dhe p\u00ebr t\u00eb krijuar nj\u00eb altar p\u00ebr nj\u00eb ofert\u00eb ndaj element\u00ebve (zjarri, ajri, toka dhe uji). Hapja e drejtimeve dhe ftesa p\u00ebr shpirtin q\u00eb t\u00eb bashkohet n\u00eb k\u00ebt\u00eb ofert\u00eb, dhe mbyllja n\u00eb fund. (90 min)<br data-start=\"1637\" data-end=\"1640\" \/><strong data-start=\"1640\" data-end=\"1649\">18:30<\/strong> &#8211; Kthimi n\u00eb vendin e retreat-it (60 min)<br data-start=\"1690\" data-end=\"1693\" \/><strong data-start=\"1693\" data-end=\"1702\">19:30<\/strong> &#8211; Koh\u00eb p\u00ebr dush ose pushim pas kthimit<br data-start=\"1741\" data-end=\"1744\" \/><strong data-start=\"1744\" data-end=\"1753\">20:00<\/strong> &#8211; Darka<br data-start=\"1761\" data-end=\"1764\" \/><strong data-start=\"1764\" data-end=\"1773\">21:00<\/strong> &#8211; Meditim p\u00ebr boshatisjen e mendjes para gjumit (20 min)<\/p>\n<hr data-start=\"1834\" data-end=\"1837\" \/>\n<p><strong data-start=\"1844\" data-end=\"1865\">E shtun\u00eb, 15 mars<\/strong><\/p>\n<p data-start=\"1869\" data-end=\"3146\"><strong data-start=\"1869\" data-end=\"1877\">6:30<\/strong> &#8211; Zgjimi<br data-start=\"1886\" data-end=\"1889\" \/><strong data-start=\"1889\" data-end=\"1897\">7:00<\/strong> &#8211; Teknikat e frym\u00ebmarrjes (10 min)<br data-start=\"1932\" data-end=\"1935\" \/><strong data-start=\"1935\" data-end=\"1943\">7:10<\/strong> &#8211; L\u00ebvizje dhe stretching (50 min)<br data-start=\"1977\" data-end=\"1980\" \/><strong data-start=\"1980\" data-end=\"1988\">8:00<\/strong> &#8211; Shavasana (10 min)<br data-start=\"2009\" data-end=\"2012\" \/><strong data-start=\"2012\" data-end=\"2020\">8:10<\/strong> &#8211; Meditim (20 min)<br data-start=\"2039\" data-end=\"2042\" \/><strong data-start=\"2042\" data-end=\"2050\">8:30<\/strong> &#8211; M\u00ebngjesi (Fruta dhe \u00e7aj ose kafe)<br data-start=\"2086\" data-end=\"2089\" \/><strong data-start=\"2089\" data-end=\"2097\" data-is-only-node=\"\">9:30<\/strong> &#8211; Acroyoga (90 min)<br data-start=\"2117\" data-end=\"2120\" \/><strong data-start=\"2120\" data-end=\"2129\">11:00<\/strong> &#8211; Shk\u00ebmbim masazhesh n\u00eb \u00e7ifte (60 min)<br data-start=\"2168\" data-end=\"2171\" \/><strong data-start=\"2171\" data-end=\"2180\">12:00<\/strong> &#8211; Dreka<br data-start=\"2188\" data-end=\"2191\" \/><strong data-start=\"2191\" data-end=\"2200\">14:00<\/strong> &#8211; Rrethi i fjal\u00ebs dhe reflektimit <em data-start=\"2235\" data-end=\"2576\">(Shkruani kujtime t\u00eb dhimbjeve ose plag\u00ebve emocionale q\u00eb kan\u00eb mbetur brenda jush, gj\u00ebra q\u00eb ju pengojn\u00eb t\u00eb ecni p\u00ebrpara ose q\u00eb ju mbajn\u00eb t\u00eb lidhur me t\u00eb shkuar\u00ebn. Reflektoni mbi marr\u00ebdh\u00ebnien tuaj me n\u00ebn\u00ebn dhe baban\u00eb, ndikimin e tyre n\u00eb jet\u00ebn tuaj dhe \u00e7far\u00eb mund t\u00eb transformoni brenda vetes p\u00ebr t\u00eb ndjer\u00eb m\u00eb shum\u00eb paqe me k\u00ebto marr\u00ebdh\u00ebnie.)<\/em> (120 min)<br data-start=\"2586\" data-end=\"2589\" \/><strong data-start=\"2589\" data-end=\"2598\">16:00<\/strong> &#8211; Lul\u00ebzimi p\u00ebrmes pranimit dhe faljes (60 min)<br data-start=\"2645\" data-end=\"2648\" \/><strong data-start=\"2648\" data-end=\"2657\">17:00<\/strong> &#8211; L\u00ebvizje dhe yoga restauruese (60 min)<br data-start=\"2697\" data-end=\"2700\" \/><strong data-start=\"2700\" data-end=\"2709\">18:00<\/strong> &#8211; Darka<br data-start=\"2717\" data-end=\"2720\" \/><strong data-start=\"2720\" data-end=\"2729\">20:00<\/strong> &#8211; Rreth zjarrit <em data-start=\"2746\" data-end=\"2811\">(Djegia e letr\u00ebs me \u00e7far\u00eb d\u00ebshiron t\u00eb l\u00ebshosh dhe transformosh)<\/em><br data-start=\"2811\" data-end=\"2814\" \/><em data-start=\"2814\" data-end=\"2962\">(Ndaje me grupin se si festohet ekuinoksi i pranver\u00ebs n\u00eb kultur\u00ebn t\u00ebnde dhe sjell nj\u00eb k\u00ebng\u00eb, nj\u00eb vall\u00ebzim ose di\u00e7ka q\u00eb p\u00ebrfaq\u00ebson kultur\u00ebn t\u00ebnde.)<\/em> (120 min)<br data-start=\"2972\" data-end=\"2975\" \/><strong data-start=\"2975\" data-end=\"2984\">22:00<\/strong> &#8211; Pjes\u00ebmarr\u00ebsit mund t\u00eb q\u00ebndrojn\u00eb m\u00eb gjat\u00eb ose t\u00eb shkojn\u00eb p\u00ebr t\u00eb fjetur, si\u00e7 e ndiejn\u00eb.<br data-start=\"3072\" data-end=\"3075\" \/><em data-start=\"3075\" data-end=\"3144\">(Meditimi p\u00ebr boshatisjen e mendjes \u00ebsht\u00eb qet\u00ebsues p\u00ebrpara gjumit.)<\/em><\/p>\n<hr data-start=\"3148\" data-end=\"3151\" \/>\n<p><strong data-start=\"3158\" data-end=\"3177\">E diel, 16 mars<\/strong><\/p>\n<p data-start=\"3181\" data-end=\"3658\"><strong data-start=\"3181\" data-end=\"3189\">6:30<\/strong> &#8211; Zgjimi<br data-start=\"3198\" data-end=\"3201\" \/><strong data-start=\"3201\" data-end=\"3209\">7:00<\/strong> &#8211; Teknikat e frym\u00ebmarrjes (10 min)<br data-start=\"3244\" data-end=\"3247\" \/><strong data-start=\"3247\" data-end=\"3255\">7:10<\/strong> &#8211; Tai chi p\u00ebr lirimin, pastrimin dhe purifikimin (50 min)<br data-start=\"3313\" data-end=\"3316\" \/><strong data-start=\"3316\" data-end=\"3324\">8:00<\/strong> &#8211; Cacao Circle <em data-start=\"3340\" data-end=\"3456\">(Pastrimi i energjis\u00eb, p\u00ebrsh\u00ebndetja e drejtimeve, vendosja e q\u00ebllimeve, konsumimi i kakaos dhe k\u00ebndimi i k\u00ebng\u00ebve.)<\/em> (90 min)<br data-start=\"3465\" data-end=\"3468\" \/><strong data-start=\"3468\" data-end=\"3476\">9:30<\/strong> &#8211; Vall\u00ebzim ekstatik (60 min)<br data-start=\"3505\" data-end=\"3508\" \/><strong data-start=\"3508\" data-end=\"3517\">10:30<\/strong> &#8211; Banj\u00eb zanore (30 min)<br data-start=\"3541\" data-end=\"3544\" data-is-only-node=\"\" \/><strong data-start=\"3544\" data-end=\"3553\">11:00<\/strong> &#8211; Rrethi i fjal\u00ebs dhe mbyllja e drejtimeve dhe e retreat-it (60 min)<br data-start=\"3622\" data-end=\"3625\" \/><strong data-start=\"3625\" data-end=\"3634\">12:00<\/strong> &#8211; Dreka dhe lamtumira<\/p>\n<p data-start=\"3660\" data-end=\"3750\" data-is-last-node=\"\" data-is-only-node=\"\"><em data-start=\"3660\" data-end=\"3750\" data-is-last-node=\"\">(Programi mund t\u00eb ndryshoj\u00eb pak n\u00eb var\u00ebsi t\u00eb kushteve t\u00eb motit ose rrethanave t\u00eb tjera.)<\/em><\/p>\n","protected":false},"excerpt":{"rendered":"<p data-start=\"0\" data-end=\"477\">Nd\u00ebrsa Toka zgjohet nga gjumi i saj dim\u00ebror, duke shp\u00ebrthyer me jet\u00eb t\u00eb re dhe potencial t\u00eb pakufish\u00ebm, ju ftojm\u00eb t\u00eb bashkoheni me ne n\u00eb <strong data-start=\"137\" data-end=\"159\">Flowering the Life<\/strong>\u2014nj\u00eb retreat transformues i dedikuar thellimit t\u00eb lidhjes suaj me hyjnoren, Tok\u00ebn, intuit\u00ebn dhe men\u00e7urin\u00eb e trupit tuaj. Ky takim i shenjt\u00eb \u00ebsht\u00eb nj\u00eb mund\u00ebsi p\u00ebr t\u00eb nderuar ciklet e natyr\u00ebs, p\u00ebr t\u00eb festuar rinovimin e pranver\u00ebs dhe p\u00ebr t\u00eb eksploruar mjetet q\u00eb na ndihmojn\u00eb t\u00eb harmonizohemi me veten ton\u00eb m\u00eb t\u00eb lart\u00eb.<\/p>\n<p data-start=\"479\" data-end=\"997\">Gjat\u00eb k\u00ebtij udh\u00ebtimi, do t\u00eb angazhohemi n\u00eb <strong data-start=\"522\" data-end=\"609\">urt\u00ebsin\u00eb e paraardh\u00ebsve tan\u00eb, praktika t\u00eb bazuara n\u00eb tok\u00eb dhe teknika t\u00eb mish\u00ebrimit<\/strong> q\u00eb kultivojn\u00eb ndjenj\u00ebn e plot\u00ebsis\u00eb dhe harmonis\u00eb. Nd\u00ebrsa mir\u00ebpresim <strong data-start=\"678\" data-end=\"704\">Ekuinoksin e Pranver\u00ebs<\/strong>, nj\u00eb moment t\u00eb ekuilibrit t\u00eb p\u00ebrsosur midis drit\u00ebs dhe err\u00ebsir\u00ebs, do t\u00eb m\u00ebsojm\u00eb si kultura t\u00eb ndryshme nderojn\u00eb k\u00ebt\u00eb pik\u00eb kthese t\u00eb shenjt\u00eb\u2014duke na dh\u00ebn\u00eb mund\u00ebsin\u00eb t\u00eb reflektojm\u00eb mbi t\u00eb kaluar\u00ebn, t\u00eb l\u00ebshojm\u00eb at\u00eb q\u00eb nuk na sh\u00ebrben m\u00eb dhe t\u00eb ecim p\u00ebrpara me q\u00ebllime t\u00eb qarta p\u00ebr sezonin e ri.<\/p>\n<p data-start=\"999\" data-end=\"1108\" data-is-last-node=\"\" data-is-only-node=\"\">Bashkohuni me ne nga <strong data-start=\"1020\" data-end=\"1048\">13 deri m\u00eb 16 mars 2025!<\/strong> Grupi \u00ebsht\u00eb i kufizuar n\u00eb <strong data-start=\"1075\" data-end=\"1103\">n\u00eb 10 pjes\u00ebmarr\u00ebs<\/strong>. \ud83c\udf3f\u2728<\/p>\n","protected":false},"featured_media":4294,"comment_status":"open","ping_status":"closed","template":"","meta":[],"product_brand":[],"product_cat":[87],"product_tag":[89,88],"class_list":{"0":"post-4805","1":"product","2":"type-product","3":"status-publish","4":"has-post-thumbnail","6":"product_cat-retreat-sq","7":"product_tag-beauty-in-spring-sq","8":"product_tag-spring-wellbeing-sq","10":"first","11":"instock","12":"virtual","13":"purchasable","14":"product-type-simple"},"_links":{"self":[{"href":"https:\/\/ferma-albanik.com\/sq\/wp-json\/wp\/v2\/product\/4805","targetHints":{"allow":["GET"]}}],"collection":[{"href":"https:\/\/ferma-albanik.com\/sq\/wp-json\/wp\/v2\/product"}],"about":[{"href":"https:\/\/ferma-albanik.com\/sq\/wp-json\/wp\/v2\/types\/product"}],"replies":[{"embeddable":true,"href":"https:\/\/ferma-albanik.com\/sq\/wp-json\/wp\/v2\/comments?post=4805"}],"wp:featuredmedia":[{"embeddable":true,"href":"https:\/\/ferma-albanik.com\/sq\/wp-json\/wp\/v2\/media\/4294"}],"wp:attachment":[{"href":"https:\/\/ferma-albanik.com\/sq\/wp-json\/wp\/v2\/media?parent=4805"}],"wp:term":[{"taxonomy":"product_brand","embeddable":true,"href":"https:\/\/ferma-albanik.com\/sq\/wp-json\/wp\/v2\/product_brand?post=4805"},{"taxonomy":"product_cat","embeddable":true,"href":"https:\/\/ferma-albanik.com\/sq\/wp-json\/wp\/v2\/product_cat?post=4805"},{"taxonomy":"product_tag","embeddable":true,"href":"https:\/\/ferma-albanik.com\/sq\/wp-json\/wp\/v2\/product_tag?post=4805"}],"curies":[{"name":"wp","href":"https:\/\/api.w.org\/{rel}","templated":true}]}}