{"id":2075,"date":"2017-08-23T14:52:34","date_gmt":"2017-08-23T14:52:34","guid":{"rendered":"http:\/\/ferma-albanik.com\/around-hotel\/"},"modified":"2025-03-04T09:45:18","modified_gmt":"2025-03-04T08:45:18","slug":"per-rreth-nesh","status":"publish","type":"page","link":"https:\/\/ferma-albanik.com\/sq\/per-rreth-nesh\/","title":{"rendered":"Mjedisi p\u00ebrreth"},"content":{"rendered":"<div class=\"wpb-content-wrapper\"><p>[vc_row full_width=&#8221;stretch_row_content_no_spaces&#8221; css=&#8221;.vc_custom_1602254411836{background-image: url(http:\/\/ferma-albanik.com\/wp-content\/uploads\/2017\/07\/stone-houses-permet.jpg?id=2319) !important;background-position: center !important;background-repeat: no-repeat !important;background-size: cover !important;}&#8221; el_class=&#8221;nd_options_overflow_visible_important&#8221;][vc_column][vc_row_inner css=&#8221;.vc_custom_1486118361106{padding-top: 100px !important;padding-bottom: 100px !important;}&#8221; el_class=&#8221;nd_options_bg_greydark_alpha_gradient_3&#8243;][vc_column_inner width=&#8221;1\/6&#8243;][\/vc_column_inner][vc_column_inner width=&#8221;2\/3&#8243; css=&#8221;.vc_custom_1486118458781{padding: 20px !important;}&#8221;] <h1 style=\"color:#ffffff;padding:px;text-align:center;font-size:55px;line-height:55px;letter-spacing: px;font-weight:lighter\" class=\"  nd_options_font_size_40_important_all_iphone nd_options_line_height_40_important_all_iphone nd_options_first_font \">Aktivitete p\u00ebrreth<\/h1> <div style=\"background-color:;height: 20px\" class=\"nicdark_section  \"><\/div> <p style=\"color:#ffffff;padding:px;text-align:center;font-size:px;line-height:px;letter-spacing: 2px;font-weight:lighter\" class=\"   nd_options_second_font \">GJENI AT\u00cb Q\u00cb K\u00cbRKONI AF\u00cbR BUJTIN\u00cbS TON\u00cb<\/p> <div style=\"background-color:;height: 40px\" class=\"nicdark_section  \"><\/div>\n\n    <!--start post search-->\n\t<div id=\"nd_options_autocomplete_search_container\" class=\"nd_options_section nd_options_position_relative nd_options_z_index_98  \">\n\t\t<form method=\"get\" action=\"https:\/\/ferma-albanik.com\/sq\/\">\n\t\t    \n\t\t    <input id=\"nd_options_autocomplete_search\" autocomplete=\"off\" value=\"\" name=\"s\" class=\"nd_options_width_100_percentage\" type=\"text\" placeholder=\"Search ...\">\n\t\t    <input type=\"hidden\" id=\"nd_options_autocomplete_search_category_slug\" name=\"category_name\" value=\"around-us\">\n\t\t    <input class=\"nd_options_cursor_pointer nd_options_position_absolute nd_options_border_width_0 nd_options_right_0 nd_options_top_0\" type=\"submit\" id=\"nd_options_autocomplete_search_button\" value=\"\">\n\t\t    \n\t\t    <!--results-->\n\t\t    <div id=\"nd_options_autocomplete_search_result\" class=\"nd_options_top_45 nd_options_margin_top_20 nd_options_box_sizing_border_box nd_options_position_absolute nd_options_bg_white nd_options_width_100_percentage\"><\/div>\n\n\t\t<\/form>\n\t<\/div>\n    <!--end post search-->\n\n[\/vc_column_inner][vc_column_inner width=&#8221;1\/6&#8243;][\/vc_column_inner][\/vc_row_inner][\/vc_column][\/vc_row][vc_row css=&#8221;.vc_custom_1503500566808{margin-top: 50px !important;margin-bottom: 50px !important;}&#8221;][vc_column css=&#8221;.vc_custom_1486118015473{padding-right: 0px !important;padding-left: 0px !important;}&#8221;]<!--START MASONRY--><div class=\"nd_options_section nd_options_masonry_content  \">\n\n\t\t\t<div class=\" nd_options_width_100_percentage nd_options_padding_15 nd_options_box_sizing_border_box nd_options_masonry_item nd_options_width_100_percentage_responsive\">\n\t\t\t    \n\t\t\t \t\n\n\t\t<!--START IMAGE-->\n\t    <div class=\"nd_options_width_50_percentage nd_options_width_100_percentage_responsive nd_options_float_left\">\n\t        \n\t        <div class=\"nd_options_section nd_options_box_sizing_border_box\">\n\n\t            <div class=\"nd_options_section nd_options_position_relative\">\n\t                    \n\t                <img decoding=\"async\" alt=\"\" class=\"nd_options_section\" src=\"https:\/\/ferma-albanik.com\/wp-content\/uploads\/2022\/04\/Essential-Mountain-Biking-Tips-for-Beginners.jpg\">\n\n\t                <div class=\"nd_options_bg_greydark_alpha_gradient nd_options_position_absolute nd_options_left_0 nd_options_height_100_percentage nd_options_width_100_percentage nd_options_box_sizing_border_box\">\n\t                <\/div>\n\n\t            <\/div>\n\n\t        <\/div>\n\n\t    <\/div>\n\t    <!--END IMAGE-->   \n\t\t\t \t\n\n\t\t<!--START CONTENT-->\n\t    <div class=\"nd_options_width_50_percentage nd_options_width_100_percentage_responsive nd_options_float_left nd_options_box_sizing_border_box nd_options_padding_50 nd_options_padding_20_responsive\">\n\t        \n\t    \t<h5 style=\"color: #000\" class=\"nd_options_text_transform_uppercase nd_options_second_font nd_options_letter_spacing_3\"><strong>Aktivitete<\/strong><\/h5>\n\t        <div class=\"nd_options_section nd_options_height_10\"><\/div>\n\t        <h1>10 things to do at Ferma Albanik<\/h1>\n\t        <div class=\"nd_options_section nd_options_height_20\"><\/div>\n\t        <h4 class=\"nd_options_color_grey nd_options_font_size_12 nd_options_text_transform_uppercase nd_options_letter_spacing_3 nd_options_second_font nd_options_font_weight_lighter\">6 Prill<\/h4>\n\t        <div class=\"nd_options_section nd_options_height_20\"><\/div>\n\t        <p>We have several mountain bikes to rent for the riders. They are electrical and not so you can decide to challenge yourself or enjoy the ride. If there is a group that wants to explore longer and deeper into Albanian rural reality, we can organize an equipped explore with 4x4 van and camping tents and picnic material. You need to contact us to create together your perfect experience.<\/p>\n\t        <div class=\"nd_options_section nd_options_height_20\"><\/div>\n\t        <a style=\"background-color: #000\" class=\"nd_options_display_inline_block nd_options_line_height_16 nd_options_font_size_13 nd_options_text_align_center nd_options_box_sizing_border_box  nd_options_color_white nd_options_first_font nd_options_padding_8_12 nd_options_border_radius_20 \" href=\"https:\/\/ferma-albanik.com\/sq\/10-things-to-do-at-ferma-albanik\/\">READ MORE<\/a>\n\n\t    <\/div>\n\t    <!--END CONTENT-->\n\n\t\t\t<\/div>\n\n\t\t\n\n\t\t\t<div class=\" nd_options_width_100_percentage nd_options_padding_15 nd_options_box_sizing_border_box nd_options_masonry_item nd_options_width_100_percentage_responsive\">\n\t\t\t    \n\t\t\t \t\n\n\t\t<!--START IMAGE-->\n\t    <div class=\"nd_options_width_50_percentage nd_options_width_100_percentage_responsive nd_options_float_left\">\n\t        \n\t        <div class=\"nd_options_section nd_options_box_sizing_border_box\">\n\n\t            <div class=\"nd_options_section nd_options_position_relative\">\n\t                    \n\t                <img decoding=\"async\" alt=\"\" class=\"nd_options_section\" src=\"https:\/\/ferma-albanik.com\/wp-content\/uploads\/2024\/12\/osumi-canyon-3.jpg\">\n\n\t                <div class=\"nd_options_bg_greydark_alpha_gradient nd_options_position_absolute nd_options_left_0 nd_options_height_100_percentage nd_options_width_100_percentage nd_options_box_sizing_border_box\">\n\t                <\/div>\n\n\t            <\/div>\n\n\t        <\/div>\n\n\t    <\/div>\n\t    <!--END IMAGE-->   \n\t\t\t \t\n\n\t\t<!--START CONTENT-->\n\t    <div class=\"nd_options_width_50_percentage nd_options_width_100_percentage_responsive nd_options_float_left nd_options_box_sizing_border_box nd_options_padding_50 nd_options_padding_20_responsive\">\n\t        \n\t    \t<h5 style=\"color: #78635a\" class=\"nd_options_text_transform_uppercase nd_options_second_font nd_options_letter_spacing_3\"><strong>Aktivitete<\/strong><\/h5>\n\t        <div class=\"nd_options_section nd_options_height_10\"><\/div>\n\t        <h1>N\u00eb zbulim t\u00eb bukuris\u00eb madh\u00ebshtore t\u00eb Kanionit t\u00eb Osumit : Xhevahiri i fshehur pran\u00eb Beratit<\/h1>\n\t        <div class=\"nd_options_section nd_options_height_20\"><\/div>\n\t        <h4 class=\"nd_options_color_grey nd_options_font_size_12 nd_options_text_transform_uppercase nd_options_letter_spacing_3 nd_options_second_font nd_options_font_weight_lighter\">4 Dhjetor<\/h4>\n\t        <div class=\"nd_options_section nd_options_height_20\"><\/div>\n\t        <p>Often referred to as Albania's \"Grand Canyon,\" this 26-kilometer-long gorge captivates visitors with its dramatic cliffs, verdant landscapes, and the serene flow of the Osum River weaving through its depths.<\/p>\n\t        <div class=\"nd_options_section nd_options_height_20\"><\/div>\n\t        <a style=\"background-color: #78635a\" class=\"nd_options_display_inline_block nd_options_line_height_16 nd_options_font_size_13 nd_options_text_align_center nd_options_box_sizing_border_box  nd_options_color_white nd_options_first_font nd_options_padding_8_12 nd_options_border_radius_20 \" href=\"https:\/\/ferma-albanik.com\/sq\/kanioni-i-osumit-nje-xhevahiri-i-fshehur-ne-berat\/\">READ MORE<\/a>\n\n\t    <\/div>\n\t    <!--END CONTENT-->\n\n\t\t\t<\/div>\n\n\t\t<\/div><!--CLOSE MASONRY-->[\/vc_column][\/vc_row]<\/p>\n<\/div>","protected":false},"excerpt":{"rendered":"<p>[vc_row full_width=&#8221;stretch_row_content_no_spaces&#8221; css=&#8221;.vc_custom_1602254411836{background-image: url(http:\/\/ferma-albanik.com\/wp-content\/uploads\/2017\/07\/stone-houses-permet.jpg?id=2319) !important;background-position: center !important;background-repeat: no-repeat !important;background-size: cover !important;}&#8221; el_class=&#8221;nd_options_overflow_visible_important&#8221;][vc_column][vc_row_inner css=&#8221;.vc_custom_1486118361106{padding-top: 100px !important;padding-bottom: 100px !important;}&#8221; el_class=&#8221;nd_options_bg_greydark_alpha_gradient_3&#8243;][vc_column_inner width=&#8221;1\/6&#8243;][\/vc_column_inner][vc_column_inner width=&#8221;2\/3&#8243; css=&#8221;.vc_custom_1486118458781{padding: 20px !important;}&#8221;][\/vc_column_inner][vc_column_inner width=&#8221;1\/6&#8243;][\/vc_column_inner][\/vc_row_inner][\/vc_column][\/vc_row][vc_row css=&#8221;.vc_custom_1503500566808{margin-top: 50px !important;margin-bottom: 50px !important;}&#8221;][vc_column css=&#8221;.vc_custom_1486118015473{padding-right: 0px !important;padding-left: 0px !important;}&#8221;][\/vc_column][\/vc_row]<\/p>\n","protected":false},"author":1,"featured_media":0,"parent":0,"menu_order":0,"comment_status":"closed","ping_status":"closed","template":"","meta":{"footnotes":""},"class_list":["post-2075","page","type-page","status-publish","hentry"],"_links":{"self":[{"href":"https:\/\/ferma-albanik.com\/sq\/wp-json\/wp\/v2\/pages\/2075","targetHints":{"allow":["GET"]}}],"collection":[{"href":"https:\/\/ferma-albanik.com\/sq\/wp-json\/wp\/v2\/pages"}],"about":[{"href":"https:\/\/ferma-albanik.com\/sq\/wp-json\/wp\/v2\/types\/page"}],"author":[{"embeddable":true,"href":"https:\/\/ferma-albanik.com\/sq\/wp-json\/wp\/v2\/users\/1"}],"replies":[{"embeddable":true,"href":"https:\/\/ferma-albanik.com\/sq\/wp-json\/wp\/v2\/comments?post=2075"}],"version-history":[{"count":0,"href":"https:\/\/ferma-albanik.com\/sq\/wp-json\/wp\/v2\/pages\/2075\/revisions"}],"wp:attachment":[{"href":"https:\/\/ferma-albanik.com\/sq\/wp-json\/wp\/v2\/media?parent=2075"}],"curies":[{"name":"wp","href":"https:\/\/api.w.org\/{rel}","templated":true}]}}