{"id":822,"date":"2017-08-23T14:52:34","date_gmt":"2017-08-23T14:52:34","guid":{"rendered":"http:\/\/www.nicdarkthemes.com\/themes\/hotel\/wp\/demo\/hotel\/?page_id=822"},"modified":"2024-12-06T11:20:40","modified_gmt":"2024-12-06T10:20:40","slug":"around-hotel","status":"publish","type":"page","link":"https:\/\/ferma-albanik.com\/en\/around-hotel\/","title":{"rendered":"Around Us"},"content":{"rendered":"<div class=\"wpb-content-wrapper\"><p>[vc_row full_width=&#8221;stretch_row_content_no_spaces&#8221; css=&#8221;.vc_custom_1602254411836{background-image: url(http:\/\/ferma-albanik.com\/wp-content\/uploads\/2017\/07\/stone-houses-permet.jpg?id=2319) !important;background-position: center !important;background-repeat: no-repeat !important;background-size: cover !important;}&#8221; el_class=&#8221;nd_options_overflow_visible_important&#8221;][vc_column][vc_row_inner css=&#8221;.vc_custom_1486118361106{padding-top: 100px !important;padding-bottom: 100px !important;}&#8221; el_class=&#8221;nd_options_bg_greydark_alpha_gradient_3&#8243;][vc_column_inner width=&#8221;1\/3&#8243;][\/vc_column_inner][vc_column_inner width=&#8221;1\/3&#8243; css=&#8221;.vc_custom_1486118458781{padding: 20px !important;}&#8221;] <h1 style=\"color:#ffffff;padding:px;text-align:center;font-size:55px;line-height:55px;letter-spacing: px;font-weight:lighter\" class=\"  nd_options_font_size_40_important_all_iphone nd_options_line_height_40_important_all_iphone nd_options_first_font \">AROUND US<\/h1> <div style=\"background-color:;height: 20px\" class=\"nicdark_section  \"><\/div> <p style=\"color:#ffffff;padding:px;text-align:center;font-size:px;line-height:px;letter-spacing: 2px;font-weight:lighter\" class=\"   nd_options_second_font \">FIND WHAT YOU NEED NEXT TO OUR HOTEL<\/p> <div style=\"background-color:;height: 40px\" class=\"nicdark_section  \"><\/div>\n\n    <!--start post search-->\n\t<div id=\"nd_options_autocomplete_search_container\" class=\"nd_options_section nd_options_position_relative nd_options_z_index_98  \">\n\t\t<form method=\"get\" action=\"https:\/\/ferma-albanik.com\/en\/\">\n\t\t    \n\t\t    <input id=\"nd_options_autocomplete_search\" autocomplete=\"off\" value=\"\" name=\"s\" class=\"nd_options_width_100_percentage\" type=\"text\" placeholder=\"Search ...\">\n\t\t    <input type=\"hidden\" id=\"nd_options_autocomplete_search_category_slug\" name=\"category_name\" value=\"around-us\">\n\t\t    <input class=\"nd_options_cursor_pointer nd_options_position_absolute nd_options_border_width_0 nd_options_right_0 nd_options_top_0\" type=\"submit\" id=\"nd_options_autocomplete_search_button\" value=\"\">\n\t\t    \n\t\t    <!--results-->\n\t\t    <div id=\"nd_options_autocomplete_search_result\" class=\"nd_options_top_45 nd_options_margin_top_20 nd_options_box_sizing_border_box nd_options_position_absolute nd_options_bg_white nd_options_width_100_percentage\"><\/div>\n\n\t\t<\/form>\n\t<\/div>\n    <!--end post search-->\n\n[\/vc_column_inner][vc_column_inner width=&#8221;1\/3&#8243;][\/vc_column_inner][\/vc_row_inner][\/vc_column][\/vc_row][vc_row css=&#8221;.vc_custom_1503500566808{margin-top: 50px !important;margin-bottom: 50px !important;}&#8221;][vc_column css=&#8221;.vc_custom_1486118015473{padding-right: 0px !important;padding-left: 0px !important;}&#8221;]<!--START MASONRY--><div class=\"nd_options_section nd_options_masonry_content  \">\n\n\n\t\t\t<div class=\" nd_options_width_33_percentage nd_options_float_left nd_options_padding_15 nd_options_box_sizing_border_box nd_options_masonry_item nd_options_width_100_percentage_responsive\">\n\n\t \t\t\t<div style=\"background-color: #78635a\" class=\"nd_options_section nd_options_text_align_center nd_options_padding_50 nd_options_box_sizing_border_box\">\n\t \t\t\t\t\n\t \t\t\t\t<div class=\"nd_options_display_inline_block\">\n\t                    <img loading=\"lazy\" decoding=\"async\" alt=\"\" class=\"nd_options_margin_right_10\" width=\"20\" height=\"20\" src=\"https:\/\/ferma-albanik.com\/wp-content\/plugins\/nd-shortcodes\/shortcodes\/custom\/post-grid\/layout\/icons\/icon-link-2-white.svg\">\n\t                    <h2 class=\"nd_options_color_white nd_options_line_height_35 nd_options_display_inline_block\">\n\t                    \t<span class=\"nd_options_padding_botttom_5\">\n\t                    \t\t<a class=\"nd_options_color_white nd_options_first_font nd_options_letter_spacing_1 nd_options_font_weight_normal\" href=\"http:\/\/www.nicdark.com\">\n\t                    \t\t\twww.nicdark.com\n\t                    \t\t<\/a>\n\t                    \t<\/span>\n\t                    <\/h2>\n\t                <\/div>\n\n\t \t\t\t<\/div>\n\n\t \t\t<\/div>\n\n\n\t\t\n\n\n\t    <div class=\" nd_options_width_33_percentage nd_options_float_left nd_options_padding_15 nd_options_box_sizing_border_box nd_options_masonry_item nd_options_width_100_percentage_responsive\">\n\t\t    <div class=\"nd_options_section nd_options_border_1_solid_grey nd_options_bg_white\">\n\n\t\t        <div class=\"nd_options_section nd_options_position_relative\">\n\t\t            \n\t\t            \n\n\n\t\t  \t<div class=\"nd_options_section nd_options_position_relative\">\n\n\t\t  \t\t<p class=\" nd_options_position_absolute nd_options_top_30 nd_options_left_30 nd_options_bg_white nd_options_line_height_14 nd_travel_padding_5_10 nd_options_padding_0 nd_options_second_font nd_options_text_transform_uppercase nd_options_font_size_12\">Around Us <\/p>\n\n\t\t        <a href=\"https:\/\/ferma-albanik.com\/en\/10-things-to-do-at-ferma-albanik\/\"><img decoding=\"async\" alt=\"\" class=\"nd_options_section\" src=\"https:\/\/ferma-albanik.com\/wp-content\/uploads\/2022\/04\/Essential-Mountain-Biking-Tips-for-Beginners.jpg\"><\/a>\n\t\t    <\/div>\n\n\t\t  \t\n\n\t\t        <\/div>\n\n\t\t        <div class=\"nd_options_section nd_options_padding_30 nd_options_box_sizing_border_box\">\n\t\t            \n\t\t            <h2 class=\"nd_options_margin_0_important nd_options_padding_0 \">10 things to do at Ferma Albanik<\/h2>\n\t\t            <div class=\"nd_options_section nd_options_height_20\"><\/div>\n\t \t\t\t\t<div class=\"nd_options_section nd_options_line_height_0\"><span class=\"nd_options_display_inline_block nd_options_float_left nd_options_bg_grey_4 nd_options_width_40 nd_options_height_2\"><\/span><\/div>\n\t \t\t\t\t<div class=\"nd_options_section nd_options_height_20\"><\/div>\n\t\t            <p class=\"nd_options_margin_0_important nd_options_padding_0\">We have several mountain bikes to rent for the riders. They are electrical and not so you can decide to challenge yourself or enjoy the ride. If there is a group that wants to explore longer and deeper into Albanian rural reality, we can organize an equipped explore with 4x4 van and camping tents and picnic material. You need to contact us to create together your perfect experience.<\/p>\n\t\t            <div class=\"nd_options_section nd_options_height_20\"><\/div>\n\t\t            <a style=\"background-color:#000\" class=\"nd_options_display_inline_block nd_options_line_height_11 nd_options_color_white nd_options_text_align_center nd_options_box_sizing_border_box nd_options_second_font nd_options_padding_15_30  \" href=\"https:\/\/ferma-albanik.com\/en\/10-things-to-do-at-ferma-albanik\/\">READ MORE<\/a>\n\n\t\t        <\/div>\n\n\t\t    <\/div>\n\t\t<\/div>\n\n\n\t  \n\n\n\t    <div class=\" nd_options_width_33_percentage nd_options_float_left nd_options_padding_15 nd_options_box_sizing_border_box nd_options_masonry_item nd_options_width_100_percentage_responsive\">\n\t\t    <div class=\"nd_options_section nd_options_border_1_solid_grey nd_options_bg_white\">\n\n\t\t        <div class=\"nd_options_section nd_options_position_relative\">\n\t\t            \n\t\t            \n\n\n\t\t  \t<div class=\"nd_options_section nd_options_position_relative\">\n\n\t\t  \t\t<p class=\" nd_options_position_absolute nd_options_top_30 nd_options_left_30 nd_options_bg_white nd_options_line_height_14 nd_travel_padding_5_10 nd_options_padding_0 nd_options_second_font nd_options_text_transform_uppercase nd_options_font_size_12\">Around Us <\/p>\n\n\t\t        <a href=\"https:\/\/ferma-albanik.com\/en\/vjosa-tour\/\"><img decoding=\"async\" alt=\"\" class=\"nd_options_section\" src=\"https:\/\/ferma-albanik.com\/wp-content\/uploads\/2022\/04\/download-1.jpg\"><\/a>\n\t\t    <\/div>\n\n\t\t  \t\n\n\t\t        <\/div>\n\n\t\t        <div class=\"nd_options_section nd_options_padding_30 nd_options_box_sizing_border_box\">\n\t\t            \n\t\t            <h2 class=\"nd_options_margin_0_important nd_options_padding_0 \">Vjosa Tour<\/h2>\n\t\t            <div class=\"nd_options_section nd_options_height_20\"><\/div>\n\t \t\t\t\t<div class=\"nd_options_section nd_options_line_height_0\"><span class=\"nd_options_display_inline_block nd_options_float_left nd_options_bg_grey_4 nd_options_width_40 nd_options_height_2\"><\/span><\/div>\n\t \t\t\t\t<div class=\"nd_options_section nd_options_height_20\"><\/div>\n\t\t            <p class=\"nd_options_margin_0_important nd_options_padding_0\">This tour is going around the natural wander of \u2018\u2019Valley of Vjosa River\u2019\u2019. Rivers have always brought civilizations around them; therefore the Vjosa valley is rich in archeological sites, architectural specificity and history. During this tour we will be able to touch and experience a rich culture also in cult objects, fortifications, castles, old villages, agriculture, livestock, tradition, cuisine, and lifestyle.<\/p>\n\t\t            <div class=\"nd_options_section nd_options_height_20\"><\/div>\n\t\t            <a style=\"background-color:#000\" class=\"nd_options_display_inline_block nd_options_line_height_11 nd_options_color_white nd_options_text_align_center nd_options_box_sizing_border_box nd_options_second_font nd_options_padding_15_30  \" href=\"https:\/\/ferma-albanik.com\/en\/vjosa-tour\/\">READ MORE<\/a>\n\n\t\t        <\/div>\n\n\t\t    <\/div>\n\t\t<\/div>\n\n\n\t  \n\n\n\t    <div class=\" nd_options_width_33_percentage nd_options_float_left nd_options_padding_15 nd_options_box_sizing_border_box nd_options_masonry_item nd_options_width_100_percentage_responsive\">\n\t\t    <div class=\"nd_options_section nd_options_border_1_solid_grey nd_options_bg_white\">\n\n\t\t        <div class=\"nd_options_section nd_options_position_relative\">\n\t\t            \n\t\t            \n\n\n\t\t  \t<div class=\"nd_options_section nd_options_position_relative\">\n\n\t\t  \t\t<p class=\" nd_options_position_absolute nd_options_top_30 nd_options_left_30 nd_options_bg_white nd_options_line_height_14 nd_travel_padding_5_10 nd_options_padding_0 nd_options_second_font nd_options_text_transform_uppercase nd_options_font_size_12\">Around Us <\/p>\n\n\t\t        <a href=\"https:\/\/ferma-albanik.com\/en\/blerje-online\/\"><img decoding=\"async\" alt=\"\" class=\"nd_options_section\" src=\"https:\/\/ferma-albanik.com\/wp-content\/uploads\/2017\/06\/produkte_butik_armoir-1024x1024.jpg\"><\/a>\n\t\t    <\/div>\n\n\t\t  \t\n\n\t\t        <\/div>\n\n\t\t        <div class=\"nd_options_section nd_options_padding_30 nd_options_box_sizing_border_box\">\n\t\t            \n\t\t            <h2 class=\"nd_options_margin_0_important nd_options_padding_0 \">Blerje Online<\/h2>\n\t\t            <div class=\"nd_options_section nd_options_height_20\"><\/div>\n\t \t\t\t\t<div class=\"nd_options_section nd_options_line_height_0\"><span class=\"nd_options_display_inline_block nd_options_float_left nd_options_bg_grey_4 nd_options_width_40 nd_options_height_2\"><\/span><\/div>\n\t \t\t\t\t<div class=\"nd_options_section nd_options_height_20\"><\/div>\n\t\t            <p class=\"nd_options_margin_0_important nd_options_padding_0\">Lorem ipsum dolor sit amet, consectetur adipiscing elit. Aenean egestas magna at porttitor vehicula nullam augue Lorem ipsum dolor sit.<\/p>\n\t\t            <div class=\"nd_options_section nd_options_height_20\"><\/div>\n\t\t            <a style=\"background-color:#78635a\" class=\"nd_options_display_inline_block nd_options_line_height_11 nd_options_color_white nd_options_text_align_center nd_options_box_sizing_border_box nd_options_second_font nd_options_padding_15_30  \" href=\"https:\/\/ferma-albanik.com\/en\/blerje-online\/\">READ MORE<\/a>\n\n\t\t        <\/div>\n\n\t\t    <\/div>\n\t\t<\/div>\n\n\n\t  \n\n\n\t    <div class=\" nd_options_width_33_percentage nd_options_float_left nd_options_padding_15 nd_options_box_sizing_border_box nd_options_masonry_item nd_options_width_100_percentage_responsive\">\n\t\t    <div class=\"nd_options_section nd_options_border_1_solid_grey nd_options_bg_white\">\n\n\t\t        <div class=\"nd_options_section nd_options_position_relative\">\n\t\t            \n\t\t            \n\n\n\t\t  \t<div class=\"nd_options_section nd_options_position_relative\">\n\n\t\t  \t\t<p class=\" nd_options_position_absolute nd_options_top_30 nd_options_left_30 nd_options_bg_white nd_options_line_height_14 nd_travel_padding_5_10 nd_options_padding_0 nd_options_second_font nd_options_text_transform_uppercase nd_options_font_size_12\">Around Us <\/p>\n\n\t\t        <a href=\"https:\/\/ferma-albanik.com\/en\/trebeshine-nemercke-dhembel\/\"><img decoding=\"async\" alt=\"\" class=\"nd_options_section\" src=\"https:\/\/ferma-albanik.com\/wp-content\/uploads\/2017\/06\/trebeshine-vue-est-1024x768.jpg\"><\/a>\n\t\t    <\/div>\n\n\t\t  \t\n\n\t\t        <\/div>\n\n\t\t        <div class=\"nd_options_section nd_options_padding_30 nd_options_box_sizing_border_box\">\n\t\t            \n\t\t            <h2 class=\"nd_options_margin_0_important nd_options_padding_0 \">Trebeshine-N\u00ebm\u00ebr\u00e7k\u00eb-Dh\u00ebmbel<\/h2>\n\t\t            <div class=\"nd_options_section nd_options_height_20\"><\/div>\n\t \t\t\t\t<div class=\"nd_options_section nd_options_line_height_0\"><span class=\"nd_options_display_inline_block nd_options_float_left nd_options_bg_grey_4 nd_options_width_40 nd_options_height_2\"><\/span><\/div>\n\t \t\t\t\t<div class=\"nd_options_section nd_options_height_20\"><\/div>\n\t\t            <p class=\"nd_options_margin_0_important nd_options_padding_0\">Lorem ipsum dolor sit amet, consectetur adipiscing elit. Aenean egestas magna at porttitor vehicula nullam augue Lorem ipsum dolor sit.<\/p>\n\t\t            <div class=\"nd_options_section nd_options_height_20\"><\/div>\n\t\t            <a style=\"background-color:#78635a\" class=\"nd_options_display_inline_block nd_options_line_height_11 nd_options_color_white nd_options_text_align_center nd_options_box_sizing_border_box nd_options_second_font nd_options_padding_15_30  \" href=\"https:\/\/ferma-albanik.com\/en\/trebeshine-nemercke-dhembel\/\">READ MORE<\/a>\n\n\t\t        <\/div>\n\n\t\t    <\/div>\n\t\t<\/div>\n\n\n\t  \n\n\n\t    <div class=\" nd_options_width_33_percentage nd_options_float_left nd_options_padding_15 nd_options_box_sizing_border_box nd_options_masonry_item nd_options_width_100_percentage_responsive\">\n\t\t    <div class=\"nd_options_section nd_options_border_1_solid_grey nd_options_bg_white\">\n\n\t\t        <div class=\"nd_options_section nd_options_position_relative\">\n\t\t            \n\t\t            \n\n\n\t\t  \t<div class=\"nd_options_section nd_options_position_relative\">\n\n\t\t  \t\t<p class=\" nd_options_position_absolute nd_options_top_30 nd_options_left_30 nd_options_bg_white nd_options_line_height_14 nd_travel_padding_5_10 nd_options_padding_0 nd_options_second_font nd_options_text_transform_uppercase nd_options_font_size_12\">Around Us <\/p>\n\n\t\t        <a href=\"https:\/\/ferma-albanik.com\/en\/ecotoursim\/\"><img decoding=\"async\" alt=\"\" class=\"nd_options_section\" src=\"https:\/\/ferma-albanik.com\/wp-content\/uploads\/2017\/06\/terraces_famille-1024x768.jpg\"><\/a>\n\t\t    <\/div>\n\n\t\t  \t\n\n\t\t        <\/div>\n\n\t\t        <div class=\"nd_options_section nd_options_padding_30 nd_options_box_sizing_border_box\">\n\t\t            \n\t\t            <h2 class=\"nd_options_margin_0_important nd_options_padding_0 \">EcoToursim<\/h2>\n\t\t            <div class=\"nd_options_section nd_options_height_20\"><\/div>\n\t \t\t\t\t<div class=\"nd_options_section nd_options_line_height_0\"><span class=\"nd_options_display_inline_block nd_options_float_left nd_options_bg_grey_4 nd_options_width_40 nd_options_height_2\"><\/span><\/div>\n\t \t\t\t\t<div class=\"nd_options_section nd_options_height_20\"><\/div>\n\t\t            <p class=\"nd_options_margin_0_important nd_options_padding_0\">Lorem ipsum dolor sit amet, consectetur adipiscing elit. Aenean egestas magna at porttitor vehicula nullam augue Lorem ipsum dolor sit.<\/p>\n\t\t            <div class=\"nd_options_section nd_options_height_20\"><\/div>\n\t\t            <a style=\"background-color:#78635a\" class=\"nd_options_display_inline_block nd_options_line_height_11 nd_options_color_white nd_options_text_align_center nd_options_box_sizing_border_box nd_options_second_font nd_options_padding_15_30  \" href=\"https:\/\/ferma-albanik.com\/en\/ecotoursim\/\">READ MORE<\/a>\n\n\t\t        <\/div>\n\n\t\t    <\/div>\n\t\t<\/div>\n\n\n\t  <\/div><!--CLOSE MASONRY-->[\/vc_column][\/vc_row]<\/p>\n<\/div>","protected":false},"excerpt":{"rendered":"<p>[vc_row full_width=&#8221;stretch_row_content_no_spaces&#8221; css=&#8221;.vc_custom_1602254411836{background-image: url(http:\/\/ferma-albanik.com\/wp-content\/uploads\/2017\/07\/stone-houses-permet.jpg?id=2319) !important;background-position: center !important;background-repeat: no-repeat !important;background-size: cover !important;}&#8221; el_class=&#8221;nd_options_overflow_visible_important&#8221;][vc_column][vc_row_inner css=&#8221;.vc_custom_1486118361106{padding-top: 100px !important;padding-bottom: 100px !important;}&#8221; el_class=&#8221;nd_options_bg_greydark_alpha_gradient_3&#8243;][vc_column_inner width=&#8221;1\/3&#8243;][\/vc_column_inner][vc_column_inner width=&#8221;1\/3&#8243; css=&#8221;.vc_custom_1486118458781{padding: 20px !important;}&#8221;][\/vc_column_inner][vc_column_inner width=&#8221;1\/3&#8243;][\/vc_column_inner][\/vc_row_inner][\/vc_column][\/vc_row][vc_row css=&#8221;.vc_custom_1503500566808{margin-top: 50px !important;margin-bottom: 50px !important;}&#8221;][vc_column css=&#8221;.vc_custom_1486118015473{padding-right: 0px !important;padding-left: 0px !important;}&#8221;][\/vc_column][\/vc_row]<\/p>\n","protected":false},"author":1,"featured_media":0,"parent":0,"menu_order":0,"comment_status":"closed","ping_status":"closed","template":"","meta":{"footnotes":""},"class_list":["post-822","page","type-page","status-publish","hentry"],"_links":{"self":[{"href":"https:\/\/ferma-albanik.com\/en\/wp-json\/wp\/v2\/pages\/822","targetHints":{"allow":["GET"]}}],"collection":[{"href":"https:\/\/ferma-albanik.com\/en\/wp-json\/wp\/v2\/pages"}],"about":[{"href":"https:\/\/ferma-albanik.com\/en\/wp-json\/wp\/v2\/types\/page"}],"author":[{"embeddable":true,"href":"https:\/\/ferma-albanik.com\/en\/wp-json\/wp\/v2\/users\/1"}],"replies":[{"embeddable":true,"href":"https:\/\/ferma-albanik.com\/en\/wp-json\/wp\/v2\/comments?post=822"}],"version-history":[{"count":0,"href":"https:\/\/ferma-albanik.com\/en\/wp-json\/wp\/v2\/pages\/822\/revisions"}],"wp:attachment":[{"href":"https:\/\/ferma-albanik.com\/en\/wp-json\/wp\/v2\/media?parent=822"}],"curies":[{"name":"wp","href":"https:\/\/api.w.org\/{rel}","templated":true}]}}